{"id":1039,"date":"2020-10-27T17:20:14","date_gmt":"2020-10-27T20:20:14","guid":{"rendered":"http:\/\/www.gastrotex.com.ar\/web\/?page_id=1039"},"modified":"2023-08-03T23:59:19","modified_gmt":"2023-08-04T02:59:19","slug":"urologia-equipamiento","status":"publish","type":"page","link":"https:\/\/www.gastrotex.com.ar\/web\/urologia-equipamiento\/","title":{"rendered":"Urolog\u00eda &#8211; Equipamiento"},"content":{"rendered":"\t\t<div data-elementor-type=\"wp-page\" data-elementor-id=\"1039\" class=\"elementor elementor-1039\">\n\t\t\t\t\t\t<section class=\"elementor-section elementor-top-section elementor-element elementor-element-352b5c68 elementor-section-boxed elementor-section-height-default elementor-section-height-default\" data-id=\"352b5c68\" data-element_type=\"section\">\n\t\t\t\t\t\t<div class=\"elementor-container elementor-column-gap-default\">\n\t\t\t\t\t<div class=\"elementor-column elementor-col-100 elementor-top-column elementor-element elementor-element-36100f5e\" data-id=\"36100f5e\" data-element_type=\"column\">\n\t\t\t<div class=\"elementor-widget-wrap elementor-element-populated\">\n\t\t\t\t\t\t<div class=\"elementor-element elementor-element-2ac2445d elementor-grid-eael-col-3 elementor-grid-tablet-eael-col-2 elementor-grid-mobile-eael-col-1 elementor-widget elementor-widget-eael-post-grid\" data-id=\"2ac2445d\" data-element_type=\"widget\" data-settings=\"{&quot;eael_post_grid_columns&quot;:&quot;eael-col-3&quot;,&quot;eael_post_grid_columns_tablet&quot;:&quot;eael-col-2&quot;,&quot;eael_post_grid_columns_mobile&quot;:&quot;eael-col-1&quot;}\" data-widget_type=\"eael-post-grid.default\">\n\t\t\t\t<div class=\"elementor-widget-container\">\n\t\t\t\t\t<div id=\"eael-post-grid-2ac2445d\" class=\"eael-post-grid-container\">\n            <div class=\"eael-post-grid eael-post-appender eael-post-appender-2ac2445d eael-post-grid-style-one\" data-layout-mode=\"grid\"><article class=\"eael-grid-post eael-post-grid-column\" data-id=\"2417\">\n        <div class=\"eael-grid-post-holder\">\n            <div class=\"eael-grid-post-holder-inner\"><div class=\"eael-entry-media\"><ul class=\"post-carousel-categories\"><li><a href=\"https:\/\/www.gastrotex.com.ar\/web\/tag\/tontarra\/\">Tontarra<\/a><\/li><\/ul><div class=\"eael-entry-overlay fade-in\"><i class=\"fas fa-long-arrow-alt-right\" aria-hidden=\"true\"><\/i><a href=\"https:\/\/www.gastrotex.com.ar\/web\/resectoscopio-hibrido-monopolar-bipolar-tontarra\/\"target=\"_blank\"><\/a><\/div><div class=\"eael-entry-thumbnail \">\n                <img fetchpriority=\"high\" decoding=\"async\" width=\"599\" height=\"462\" src=\"https:\/\/www.gastrotex.com.ar\/web\/wp-content\/uploads\/2023\/09\/resectoscopio_tontarra.jpg\" class=\"attachment-full size-full wp-image-2418\" alt=\"\" srcset=\"https:\/\/www.gastrotex.com.ar\/web\/wp-content\/uploads\/2023\/09\/resectoscopio_tontarra.jpg 599w, https:\/\/www.gastrotex.com.ar\/web\/wp-content\/uploads\/2023\/09\/resectoscopio_tontarra-300x231.jpg 300w\" sizes=\"(max-width: 599px) 100vw, 599px\" \/>\n            <\/div>\n        <\/div><div class=\"eael-entry-wrapper\"><header class=\"eael-entry-header\"><h4 class=\"eael-entry-title\"><a class=\"eael-grid-post-link\" href=\"https:\/\/www.gastrotex.com.ar\/web\/resectoscopio-hibrido-monopolar-bipolar-tontarra\/\" title=\"Resectoscopio h\u00edbrido monopolar &#038; bipolar &#8211; Tontarra\"target=\"_blank\">Resectoscopio h\u00edbrido monopolar &#038; bipolar &#8211; Tontarra<\/a><\/h4><\/header><div class=\"eael-entry-content\">\n                        <div class=\"eael-grid-post-excerpt\"><p>Oportunidad para un upgrade de Tecnolog\u00eda! Pase su resectoscopio monopolar a uno hibrido [monopolar &amp; bipolar] Ampl\u00ede los...<\/p><a href=\"https:\/\/www.gastrotex.com.ar\/web\/resectoscopio-hibrido-monopolar-bipolar-tontarra\/\" class=\"eael-post-elements-readmore-btn\"target=\"_blank\">Leer m\u00e1s<\/a><\/div>\n                    <\/div><div class=\"eael-entry-footer\"><div class=\"eael-entry-meta\"><\/div><\/div><\/div><\/div>\n        <\/div>\n    <\/article><article class=\"eael-grid-post eael-post-grid-column\" data-id=\"2351\">\n        <div class=\"eael-grid-post-holder\">\n            <div class=\"eael-grid-post-holder-inner\"><div class=\"eael-entry-media\"><ul class=\"post-carousel-categories\"><li><a href=\"https:\/\/www.gastrotex.com.ar\/web\/tag\/seesheen\/\">Seesheen<\/a><\/li><\/ul><div class=\"eael-entry-overlay fade-in\"><i class=\"fas fa-long-arrow-alt-right\" aria-hidden=\"true\"><\/i><a href=\"https:\/\/www.gastrotex.com.ar\/web\/ureterorenoscopio-seesheen\/\"target=\"_blank\"><\/a><\/div><div class=\"eael-entry-thumbnail \">\n                <img decoding=\"async\" width=\"599\" height=\"462\" src=\"https:\/\/www.gastrotex.com.ar\/web\/wp-content\/uploads\/2023\/09\/Ureteroreno.jpg\" class=\"attachment-full size-full wp-image-2352\" alt=\"\" srcset=\"https:\/\/www.gastrotex.com.ar\/web\/wp-content\/uploads\/2023\/09\/Ureteroreno.jpg 599w, https:\/\/www.gastrotex.com.ar\/web\/wp-content\/uploads\/2023\/09\/Ureteroreno-300x231.jpg 300w\" sizes=\"(max-width: 599px) 100vw, 599px\" \/>\n            <\/div>\n        <\/div><div class=\"eael-entry-wrapper\"><header class=\"eael-entry-header\"><h4 class=\"eael-entry-title\"><a class=\"eael-grid-post-link\" href=\"https:\/\/www.gastrotex.com.ar\/web\/ureterorenoscopio-seesheen\/\" title=\"Ureterorenoscopio &#8211; Seesheen\"target=\"_blank\">Ureterorenoscopio &#8211; Seesheen<\/a><\/h4><\/header><div class=\"eael-entry-content\">\n                        <div class=\"eael-grid-post-excerpt\"><p>La l\u00ednea de productos Seesheen para urolog\u00eda cuenta con una amplia variedad de medidas de endoscopios para todo...<\/p><a href=\"https:\/\/www.gastrotex.com.ar\/web\/ureterorenoscopio-seesheen\/\" class=\"eael-post-elements-readmore-btn\"target=\"_blank\">Leer m\u00e1s<\/a><\/div>\n                    <\/div><div class=\"eael-entry-footer\"><div class=\"eael-entry-meta\"><\/div><\/div><\/div><\/div>\n        <\/div>\n    <\/article><article class=\"eael-grid-post eael-post-grid-column\" data-id=\"1169\">\n        <div class=\"eael-grid-post-holder\">\n            <div class=\"eael-grid-post-holder-inner\"><div class=\"eael-entry-media\"><ul class=\"post-carousel-categories\"><li><a href=\"https:\/\/www.gastrotex.com.ar\/web\/tag\/erbe\/\">ERBE<\/a><\/li><\/ul><div class=\"eael-entry-overlay fade-in\"><i class=\"fas fa-long-arrow-alt-right\" aria-hidden=\"true\"><\/i><a href=\"https:\/\/www.gastrotex.com.ar\/web\/electrobisturi-erbe-300d\/\"target=\"_blank\"><\/a><\/div><div class=\"eael-entry-thumbnail \">\n                <img decoding=\"async\" width=\"553\" height=\"242\" src=\"https:\/\/www.gastrotex.com.ar\/web\/wp-content\/uploads\/2021\/01\/300D.jpg\" class=\"attachment-full size-full wp-image-1170\" alt=\"\" srcset=\"https:\/\/www.gastrotex.com.ar\/web\/wp-content\/uploads\/2021\/01\/300D.jpg 553w, https:\/\/www.gastrotex.com.ar\/web\/wp-content\/uploads\/2021\/01\/300D-300x131.jpg 300w\" sizes=\"(max-width: 553px) 100vw, 553px\" \/>\n            <\/div>\n        <\/div><div class=\"eael-entry-wrapper\"><header class=\"eael-entry-header\"><h4 class=\"eael-entry-title\"><a class=\"eael-grid-post-link\" href=\"https:\/\/www.gastrotex.com.ar\/web\/electrobisturi-erbe-300d\/\" title=\"Electrobistur\u00ed &#8211; Mod. 300D &#8211; ERBE\"target=\"_blank\">Electrobistur\u00ed &#8211; Mod. 300D &#8211; ERBE<\/a><\/h4><\/header><div class=\"eael-entry-content\">\n                        <div class=\"eael-grid-post-excerpt\"><p>Apto para RTU Bipolar. Posee todas las t\u00e9cnicas modernas de regulaci\u00f3n de AF juntas. Aplica la potencia requerida...<\/p><a href=\"https:\/\/www.gastrotex.com.ar\/web\/electrobisturi-erbe-300d\/\" class=\"eael-post-elements-readmore-btn\"target=\"_blank\">Leer m\u00e1s<\/a><\/div>\n                    <\/div><div class=\"eael-entry-footer\"><div class=\"eael-entry-meta\"><\/div><\/div><\/div><\/div>\n        <\/div>\n    <\/article><article class=\"eael-grid-post eael-post-grid-column\" data-id=\"1164\">\n        <div class=\"eael-grid-post-holder\">\n            <div class=\"eael-grid-post-holder-inner\"><div class=\"eael-entry-media\"><ul class=\"post-carousel-categories\"><li><a href=\"https:\/\/www.gastrotex.com.ar\/web\/tag\/erbe\/\">ERBE<\/a><\/li><\/ul><div class=\"eael-entry-overlay fade-in\"><i class=\"fas fa-long-arrow-alt-right\" aria-hidden=\"true\"><\/i><a href=\"https:\/\/www.gastrotex.com.ar\/web\/unidad-electroquirurgica-vio3\/\"target=\"_blank\"><\/a><\/div><div class=\"eael-entry-thumbnail \">\n                <img loading=\"lazy\" decoding=\"async\" width=\"312\" height=\"176\" src=\"https:\/\/www.gastrotex.com.ar\/web\/wp-content\/uploads\/2021\/01\/vio3.jpg\" class=\"attachment-full size-full wp-image-1165\" alt=\"\" srcset=\"https:\/\/www.gastrotex.com.ar\/web\/wp-content\/uploads\/2021\/01\/vio3.jpg 312w, https:\/\/www.gastrotex.com.ar\/web\/wp-content\/uploads\/2021\/01\/vio3-300x169.jpg 300w\" sizes=\"(max-width: 312px) 100vw, 312px\" \/>\n            <\/div>\n        <\/div><div class=\"eael-entry-wrapper\"><header class=\"eael-entry-header\"><h4 class=\"eael-entry-title\"><a class=\"eael-grid-post-link\" href=\"https:\/\/www.gastrotex.com.ar\/web\/unidad-electroquirurgica-vio3\/\" title=\"Electrobistur\u00ed &#8211; Mod. VIO3 &#8211; ERBE\"target=\"_blank\">Electrobistur\u00ed &#8211; Mod. VIO3 &#8211; ERBE<\/a><\/h4><\/header><div class=\"eael-entry-content\">\n                        <div class=\"eael-grid-post-excerpt\"><p>Apto para RTU Bipolar. Potencia de corte 400W. Posee 5 modos de corte (Auto-cut, High-cut, Dry-cut, EndoQ, EndoI)....<\/p><a href=\"https:\/\/www.gastrotex.com.ar\/web\/unidad-electroquirurgica-vio3\/\" class=\"eael-post-elements-readmore-btn\"target=\"_blank\">Leer m\u00e1s<\/a><\/div>\n                    <\/div><div class=\"eael-entry-footer\"><div class=\"eael-entry-meta\"><\/div><\/div><\/div><\/div>\n        <\/div>\n    <\/article><\/div>\n            <div class=\"clearfix\"><\/div>\n        <\/div>\t\t\t\t<\/div>\n\t\t\t\t<\/div>\n\t\t\t\t\t<\/div>\n\t\t<\/div>\n\t\t\t\t\t<\/div>\n\t\t<\/section>\n\t\t\t\t<\/div>\n\t\t","protected":false},"excerpt":{"rendered":"<p>ERBE IES3 \u2013 Aspirador de humo quir\u00fargico Aire limpio en la sala de operaciones, protecci\u00f3n para su equipo quir\u00fargico y para el paciente La seguridad&#8230; Leer m\u00e1s<\/p>\n","protected":false},"author":1,"featured_media":0,"parent":0,"menu_order":0,"comment_status":"closed","ping_status":"closed","template":"","meta":{"site-sidebar-layout":"no-sidebar","site-content-layout":"page-builder","ast-site-content-layout":"default","site-content-style":"default","site-sidebar-style":"default","ast-global-header-display":"","ast-banner-title-visibility":"","ast-main-header-display":"","ast-hfb-above-header-display":"","ast-hfb-below-header-display":"","ast-hfb-mobile-header-display":"","site-post-title":"disabled","ast-breadcrumbs-content":"","ast-featured-img":"disabled","footer-sml-layout":"","ast-disable-related-posts":"","theme-transparent-header-meta":"","adv-header-id-meta":"","stick-header-meta":"","header-above-stick-meta":"","header-main-stick-meta":"","header-below-stick-meta":"","astra-migrate-meta-layouts":"default","ast-page-background-enabled":"default","ast-page-background-meta":{"desktop":{"background-color":"","background-image":"","background-repeat":"repeat","background-position":"center center","background-size":"auto","background-attachment":"scroll","background-type":"","background-media":"","overlay-type":"","overlay-color":"","overlay-opacity":"","overlay-gradient":""},"tablet":{"background-color":"","background-image":"","background-repeat":"repeat","background-position":"center center","background-size":"auto","background-attachment":"scroll","background-type":"","background-media":"","overlay-type":"","overlay-color":"","overlay-opacity":"","overlay-gradient":""},"mobile":{"background-color":"","background-image":"","background-repeat":"repeat","background-position":"center center","background-size":"auto","background-attachment":"scroll","background-type":"","background-media":"","overlay-type":"","overlay-color":"","overlay-opacity":"","overlay-gradient":""}},"ast-content-background-meta":{"desktop":{"background-color":"var(--ast-global-color-5)","background-image":"","background-repeat":"repeat","background-position":"center center","background-size":"auto","background-attachment":"scroll","background-type":"","background-media":"","overlay-type":"","overlay-color":"","overlay-opacity":"","overlay-gradient":""},"tablet":{"background-color":"var(--ast-global-color-5)","background-image":"","background-repeat":"repeat","background-position":"center center","background-size":"auto","background-attachment":"scroll","background-type":"","background-media":"","overlay-type":"","overlay-color":"","overlay-opacity":"","overlay-gradient":""},"mobile":{"background-color":"var(--ast-global-color-5)","background-image":"","background-repeat":"repeat","background-position":"center center","background-size":"auto","background-attachment":"scroll","background-type":"","background-media":"","overlay-type":"","overlay-color":"","overlay-opacity":"","overlay-gradient":""}},"footnotes":""},"class_list":["post-1039","page","type-page","status-publish","hentry"],"_links":{"self":[{"href":"https:\/\/www.gastrotex.com.ar\/web\/wp-json\/wp\/v2\/pages\/1039","targetHints":{"allow":["GET"]}}],"collection":[{"href":"https:\/\/www.gastrotex.com.ar\/web\/wp-json\/wp\/v2\/pages"}],"about":[{"href":"https:\/\/www.gastrotex.com.ar\/web\/wp-json\/wp\/v2\/types\/page"}],"author":[{"embeddable":true,"href":"https:\/\/www.gastrotex.com.ar\/web\/wp-json\/wp\/v2\/users\/1"}],"replies":[{"embeddable":true,"href":"https:\/\/www.gastrotex.com.ar\/web\/wp-json\/wp\/v2\/comments?post=1039"}],"version-history":[{"count":3,"href":"https:\/\/www.gastrotex.com.ar\/web\/wp-json\/wp\/v2\/pages\/1039\/revisions"}],"predecessor-version":[{"id":2137,"href":"https:\/\/www.gastrotex.com.ar\/web\/wp-json\/wp\/v2\/pages\/1039\/revisions\/2137"}],"wp:attachment":[{"href":"https:\/\/www.gastrotex.com.ar\/web\/wp-json\/wp\/v2\/media?parent=1039"}],"curies":[{"name":"wp","href":"https:\/\/api.w.org\/{rel}","templated":true}]}}