{"id":1053,"date":"2020-10-27T18:07:50","date_gmt":"2020-10-27T21:07:50","guid":{"rendered":"http:\/\/www.gastrotex.com.ar\/web\/?page_id=1053"},"modified":"2023-08-03T23:59:06","modified_gmt":"2023-08-04T02:59:06","slug":"neumonologia-equipamiento","status":"publish","type":"page","link":"https:\/\/www.gastrotex.com.ar\/web\/neumonologia-equipamiento\/","title":{"rendered":"Neumonolog\u00eda &#8211; Equipamiento"},"content":{"rendered":"\t\t<div data-elementor-type=\"wp-page\" data-elementor-id=\"1053\" class=\"elementor elementor-1053\">\n\t\t\t\t\t\t<section class=\"elementor-section elementor-top-section elementor-element elementor-element-a6fdfd1 elementor-section-boxed elementor-section-height-default elementor-section-height-default\" data-id=\"a6fdfd1\" data-element_type=\"section\">\n\t\t\t\t\t\t<div class=\"elementor-container elementor-column-gap-default\">\n\t\t\t\t\t<div class=\"elementor-column elementor-col-100 elementor-top-column elementor-element elementor-element-e043dc9\" data-id=\"e043dc9\" data-element_type=\"column\">\n\t\t\t<div class=\"elementor-widget-wrap elementor-element-populated\">\n\t\t\t\t\t\t<div class=\"elementor-element elementor-element-343dd0e6 elementor-grid-eael-col-3 elementor-grid-tablet-eael-col-2 elementor-grid-mobile-eael-col-1 elementor-widget elementor-widget-eael-post-grid\" data-id=\"343dd0e6\" data-element_type=\"widget\" data-settings=\"{&quot;eael_post_grid_columns&quot;:&quot;eael-col-3&quot;,&quot;eael_post_grid_columns_tablet&quot;:&quot;eael-col-2&quot;,&quot;eael_post_grid_columns_mobile&quot;:&quot;eael-col-1&quot;}\" data-widget_type=\"eael-post-grid.default\">\n\t\t\t\t<div class=\"elementor-widget-container\">\n\t\t\t\t\t<div id=\"eael-post-grid-343dd0e6\" class=\"eael-post-grid-container\">\n            <div class=\"eael-post-grid eael-post-appender eael-post-appender-343dd0e6 eael-post-grid-style-one\" data-layout-mode=\"grid\"><article class=\"eael-grid-post eael-post-grid-column\" data-id=\"1228\">\n        <div class=\"eael-grid-post-holder\">\n            <div class=\"eael-grid-post-holder-inner\"><div class=\"eael-entry-media\"><ul class=\"post-carousel-categories\"><li><a href=\"https:\/\/www.gastrotex.com.ar\/web\/tag\/seesheen\/\">Seesheen<\/a><\/li><\/ul><div class=\"eael-entry-overlay fade-in\"><i class=\"fas fa-long-arrow-alt-right\" aria-hidden=\"true\"><\/i><a href=\"https:\/\/www.gastrotex.com.ar\/web\/videorinolaringoscopio-seesheen-flexible-portatil-usb\/\"target=\"_blank\"><\/a><\/div><div class=\"eael-entry-thumbnail \">\n                <img fetchpriority=\"high\" decoding=\"async\" width=\"600\" height=\"262\" src=\"https:\/\/www.gastrotex.com.ar\/web\/wp-content\/uploads\/2021\/02\/videousb.jpg\" class=\"attachment-full size-full wp-image-1229\" alt=\"\" srcset=\"https:\/\/www.gastrotex.com.ar\/web\/wp-content\/uploads\/2021\/02\/videousb.jpg 600w, https:\/\/www.gastrotex.com.ar\/web\/wp-content\/uploads\/2021\/02\/videousb-300x131.jpg 300w\" sizes=\"(max-width: 600px) 100vw, 600px\" \/>\n            <\/div>\n        <\/div><div class=\"eael-entry-wrapper\"><header class=\"eael-entry-header\"><h4 class=\"eael-entry-title\"><a class=\"eael-grid-post-link\" href=\"https:\/\/www.gastrotex.com.ar\/web\/videorinolaringoscopio-seesheen-flexible-portatil-usb\/\" title=\"Videorinolaringoscopio flexible port\u00e1til USB &#8211; Seesheen\"target=\"_blank\">Videorinolaringoscopio flexible port\u00e1til USB &#8211; Seesheen<\/a><\/h4><\/header><div class=\"eael-entry-content\">\n                        <div class=\"eael-grid-post-excerpt\"><p>Rinolaringoscopio flexible Seesheen USB, nasofaringoscopio Tecnolog\u00eda de video \u00abChip-on-Tip\u00bb. Resoluci\u00f3n: 1280*720, imagen HD *Tubo de inserci\u00f3n: 3.4 mm...<\/p><a href=\"https:\/\/www.gastrotex.com.ar\/web\/videorinolaringoscopio-seesheen-flexible-portatil-usb\/\" class=\"eael-post-elements-readmore-btn\"target=\"_blank\">Leer m\u00e1s<\/a><\/div>\n                    <\/div><div class=\"eael-entry-footer\"><div class=\"eael-entry-meta\"><\/div><\/div><\/div><\/div>\n        <\/div>\n    <\/article><article class=\"eael-grid-post eael-post-grid-column\" data-id=\"1225\">\n        <div class=\"eael-grid-post-holder\">\n            <div class=\"eael-grid-post-holder-inner\"><div class=\"eael-entry-media\"><ul class=\"post-carousel-categories\"><li><a href=\"https:\/\/www.gastrotex.com.ar\/web\/tag\/seesheen\/\">Seesheen<\/a><\/li><\/ul><div class=\"eael-entry-overlay fade-in\"><i class=\"fas fa-long-arrow-alt-right\" aria-hidden=\"true\"><\/i><a href=\"https:\/\/www.gastrotex.com.ar\/web\/videolaringoscopio-flexible-portatil-de-intubacion-seesheen\/\"target=\"_blank\"><\/a><\/div><div class=\"eael-entry-thumbnail \">\n                <img decoding=\"async\" width=\"600\" height=\"262\" src=\"https:\/\/www.gastrotex.com.ar\/web\/wp-content\/uploads\/2021\/02\/videointubacion.jpg\" class=\"attachment-full size-full wp-image-1226\" alt=\"\" srcset=\"https:\/\/www.gastrotex.com.ar\/web\/wp-content\/uploads\/2021\/02\/videointubacion.jpg 600w, https:\/\/www.gastrotex.com.ar\/web\/wp-content\/uploads\/2021\/02\/videointubacion-300x131.jpg 300w\" sizes=\"(max-width: 600px) 100vw, 600px\" \/>\n            <\/div>\n        <\/div><div class=\"eael-entry-wrapper\"><header class=\"eael-entry-header\"><h4 class=\"eael-entry-title\"><a class=\"eael-grid-post-link\" href=\"https:\/\/www.gastrotex.com.ar\/web\/videolaringoscopio-flexible-portatil-de-intubacion-seesheen\/\" title=\"Videolaringoscopio flexible port\u00e1til de intubaci\u00f3n &#8211; Seesheen\"target=\"_blank\">Videolaringoscopio flexible port\u00e1til de intubaci\u00f3n &#8211; Seesheen<\/a><\/h4><\/header><div class=\"eael-entry-content\">\n                        <div class=\"eael-grid-post-excerpt\"><p>Intubaci\u00f3n segura y r\u00e1pida Los endoscopios de intubaci\u00f3n Seesheen incorporan una pantalla extra\u00edble de 3 pulgadas que ofrece...<\/p><a href=\"https:\/\/www.gastrotex.com.ar\/web\/videolaringoscopio-flexible-portatil-de-intubacion-seesheen\/\" class=\"eael-post-elements-readmore-btn\"target=\"_blank\">Leer m\u00e1s<\/a><\/div>\n                    <\/div><div class=\"eael-entry-footer\"><div class=\"eael-entry-meta\"><\/div><\/div><\/div><\/div>\n        <\/div>\n    <\/article><article class=\"eael-grid-post eael-post-grid-column\" data-id=\"1222\">\n        <div class=\"eael-grid-post-holder\">\n            <div class=\"eael-grid-post-holder-inner\"><div class=\"eael-entry-media\"><ul class=\"post-carousel-categories\"><li><a href=\"https:\/\/www.gastrotex.com.ar\/web\/tag\/seesheen\/\">Seesheen<\/a><\/li><\/ul><div class=\"eael-entry-overlay fade-in\"><i class=\"fas fa-long-arrow-alt-right\" aria-hidden=\"true\"><\/i><a href=\"https:\/\/www.gastrotex.com.ar\/web\/videonasolaringoscopio-seesheen-flexible-portatil\/\"target=\"_blank\"><\/a><\/div><div class=\"eael-entry-thumbnail \">\n                <img decoding=\"async\" width=\"600\" height=\"262\" src=\"https:\/\/www.gastrotex.com.ar\/web\/wp-content\/uploads\/2021\/02\/videolasoringoscopip.jpg\" class=\"attachment-full size-full wp-image-1223\" alt=\"\" srcset=\"https:\/\/www.gastrotex.com.ar\/web\/wp-content\/uploads\/2021\/02\/videolasoringoscopip.jpg 600w, https:\/\/www.gastrotex.com.ar\/web\/wp-content\/uploads\/2021\/02\/videolasoringoscopip-300x131.jpg 300w\" sizes=\"(max-width: 600px) 100vw, 600px\" \/>\n            <\/div>\n        <\/div><div class=\"eael-entry-wrapper\"><header class=\"eael-entry-header\"><h4 class=\"eael-entry-title\"><a class=\"eael-grid-post-link\" href=\"https:\/\/www.gastrotex.com.ar\/web\/videonasolaringoscopio-seesheen-flexible-portatil\/\" title=\"Videonasolaringoscopio flexible port\u00e1til &#8211; Seesheen\"target=\"_blank\">Videonasolaringoscopio flexible port\u00e1til &#8211; Seesheen<\/a><\/h4><\/header><div class=\"eael-entry-content\">\n                        <div class=\"eael-grid-post-excerpt\"><p>M\u00e1s suave y seguro La rinolaringoscopia flexible es actualmente una de las t\u00e9cnicas m\u00e1s utilizadas para visualizar la...<\/p><a href=\"https:\/\/www.gastrotex.com.ar\/web\/videonasolaringoscopio-seesheen-flexible-portatil\/\" class=\"eael-post-elements-readmore-btn\"target=\"_blank\">Leer m\u00e1s<\/a><\/div>\n                    <\/div><div class=\"eael-entry-footer\"><div class=\"eael-entry-meta\"><\/div><\/div><\/div><\/div>\n        <\/div>\n    <\/article><article class=\"eael-grid-post eael-post-grid-column\" data-id=\"1219\">\n        <div class=\"eael-grid-post-holder\">\n            <div class=\"eael-grid-post-holder-inner\"><div class=\"eael-entry-media\"><ul class=\"post-carousel-categories\"><li><a href=\"https:\/\/www.gastrotex.com.ar\/web\/tag\/seesheen\/\">Seesheen<\/a><\/li><\/ul><div class=\"eael-entry-overlay fade-in\"><i class=\"fas fa-long-arrow-alt-right\" aria-hidden=\"true\"><\/i><a href=\"https:\/\/www.gastrotex.com.ar\/web\/videobroncoscopio-seesheen-flexible-portatil\/\"target=\"_blank\"><\/a><\/div><div class=\"eael-entry-thumbnail \">\n                <img loading=\"lazy\" decoding=\"async\" width=\"600\" height=\"262\" src=\"https:\/\/www.gastrotex.com.ar\/web\/wp-content\/uploads\/2021\/02\/broncoscopiomanual.jpg\" class=\"attachment-full size-full wp-image-1220\" alt=\"\" srcset=\"https:\/\/www.gastrotex.com.ar\/web\/wp-content\/uploads\/2021\/02\/broncoscopiomanual.jpg 600w, https:\/\/www.gastrotex.com.ar\/web\/wp-content\/uploads\/2021\/02\/broncoscopiomanual-300x131.jpg 300w\" sizes=\"(max-width: 600px) 100vw, 600px\" \/>\n            <\/div>\n        <\/div><div class=\"eael-entry-wrapper\"><header class=\"eael-entry-header\"><h4 class=\"eael-entry-title\"><a class=\"eael-grid-post-link\" href=\"https:\/\/www.gastrotex.com.ar\/web\/videobroncoscopio-seesheen-flexible-portatil\/\" title=\"Videobroncoscopio flexible port\u00e1til &#8211; Seesheen\"target=\"_blank\">Videobroncoscopio flexible port\u00e1til &#8211; Seesheen<\/a><\/h4><\/header><div class=\"eael-entry-content\">\n                        <div class=\"eael-grid-post-excerpt\"><p>Actualmente la broncoscopia se est\u00e1 convirtiendo en una herramienta crucial para la terapia intervencionista de enfermedades pulmonares. Los...<\/p><a href=\"https:\/\/www.gastrotex.com.ar\/web\/videobroncoscopio-seesheen-flexible-portatil\/\" class=\"eael-post-elements-readmore-btn\"target=\"_blank\">Leer m\u00e1s<\/a><\/div>\n                    <\/div><div class=\"eael-entry-footer\"><div class=\"eael-entry-meta\"><\/div><\/div><\/div><\/div>\n        <\/div>\n    <\/article><article class=\"eael-grid-post eael-post-grid-column\" data-id=\"1045\">\n        <div class=\"eael-grid-post-holder\">\n            <div class=\"eael-grid-post-holder-inner\"><div class=\"eael-entry-media\"><ul class=\"post-carousel-categories\"><li><a href=\"https:\/\/www.gastrotex.com.ar\/web\/tag\/erbe\/\">ERBE<\/a><\/li><\/ul><div class=\"eael-entry-overlay fade-in\"><i class=\"fas fa-long-arrow-alt-right\" aria-hidden=\"true\"><\/i><a href=\"https:\/\/www.gastrotex.com.ar\/web\/erbecryo-2-erbe\/\"target=\"_blank\"><\/a><\/div><div class=\"eael-entry-thumbnail \">\n                <img loading=\"lazy\" decoding=\"async\" width=\"600\" height=\"339\" src=\"https:\/\/www.gastrotex.com.ar\/web\/wp-content\/uploads\/2020\/10\/erbe1.jpg\" class=\"attachment-full size-full wp-image-1046\" alt=\"\" srcset=\"https:\/\/www.gastrotex.com.ar\/web\/wp-content\/uploads\/2020\/10\/erbe1.jpg 600w, https:\/\/www.gastrotex.com.ar\/web\/wp-content\/uploads\/2020\/10\/erbe1-300x170.jpg 300w\" sizes=\"(max-width: 600px) 100vw, 600px\" \/>\n            <\/div>\n        <\/div><div class=\"eael-entry-wrapper\"><header class=\"eael-entry-header\"><h4 class=\"eael-entry-title\"><a class=\"eael-grid-post-link\" href=\"https:\/\/www.gastrotex.com.ar\/web\/erbecryo-2-erbe\/\" title=\"ERBECRYO 2 &#8211; ERBE\"target=\"_blank\">ERBECRYO 2 &#8211; ERBE<\/a><\/h4><\/header><div class=\"eael-entry-content\">\n                        <div class=\"eael-grid-post-excerpt\"><p>Ajusta autom\u00e1ticamente para cada sonda los par\u00e1metros respectivos C\u00f3modo de usar, dado que todos los ajustes importantes se...<\/p><a href=\"https:\/\/www.gastrotex.com.ar\/web\/erbecryo-2-erbe\/\" class=\"eael-post-elements-readmore-btn\"target=\"_blank\">Leer m\u00e1s<\/a><\/div>\n                    <\/div><div class=\"eael-entry-footer\"><div class=\"eael-entry-meta\"><\/div><\/div><\/div><\/div>\n        <\/div>\n    <\/article><\/div>\n            <div class=\"clearfix\"><\/div>\n        <\/div>\t\t\t\t<\/div>\n\t\t\t\t<\/div>\n\t\t\t\t\t<\/div>\n\t\t<\/div>\n\t\t\t\t\t<\/div>\n\t\t<\/section>\n\t\t\t\t<\/div>\n\t\t","protected":false},"excerpt":{"rendered":"<p>ERBECRYO 2, ERBE Ajusta autom\u00e1ticamente para cada sonda los par\u00e1metros respectivos C\u00f3modo de usar, dado que todos los ajustes importantes se&#8230; Leer m\u00e1s<\/p>\n","protected":false},"author":1,"featured_media":0,"parent":0,"menu_order":0,"comment_status":"closed","ping_status":"closed","template":"","meta":{"site-sidebar-layout":"no-sidebar","site-content-layout":"page-builder","ast-site-content-layout":"default","site-content-style":"default","site-sidebar-style":"default","ast-global-header-display":"","ast-banner-title-visibility":"","ast-main-header-display":"","ast-hfb-above-header-display":"","ast-hfb-below-header-display":"","ast-hfb-mobile-header-display":"","site-post-title":"disabled","ast-breadcrumbs-content":"","ast-featured-img":"disabled","footer-sml-layout":"","ast-disable-related-posts":"","theme-transparent-header-meta":"","adv-header-id-meta":"","stick-header-meta":"","header-above-stick-meta":"","header-main-stick-meta":"","header-below-stick-meta":"","astra-migrate-meta-layouts":"default","ast-page-background-enabled":"default","ast-page-background-meta":{"desktop":{"background-color":"","background-image":"","background-repeat":"repeat","background-position":"center center","background-size":"auto","background-attachment":"scroll","background-type":"","background-media":"","overlay-type":"","overlay-color":"","overlay-opacity":"","overlay-gradient":""},"tablet":{"background-color":"","background-image":"","background-repeat":"repeat","background-position":"center center","background-size":"auto","background-attachment":"scroll","background-type":"","background-media":"","overlay-type":"","overlay-color":"","overlay-opacity":"","overlay-gradient":""},"mobile":{"background-color":"","background-image":"","background-repeat":"repeat","background-position":"center center","background-size":"auto","background-attachment":"scroll","background-type":"","background-media":"","overlay-type":"","overlay-color":"","overlay-opacity":"","overlay-gradient":""}},"ast-content-background-meta":{"desktop":{"background-color":"var(--ast-global-color-5)","background-image":"","background-repeat":"repeat","background-position":"center center","background-size":"auto","background-attachment":"scroll","background-type":"","background-media":"","overlay-type":"","overlay-color":"","overlay-opacity":"","overlay-gradient":""},"tablet":{"background-color":"var(--ast-global-color-5)","background-image":"","background-repeat":"repeat","background-position":"center center","background-size":"auto","background-attachment":"scroll","background-type":"","background-media":"","overlay-type":"","overlay-color":"","overlay-opacity":"","overlay-gradient":""},"mobile":{"background-color":"var(--ast-global-color-5)","background-image":"","background-repeat":"repeat","background-position":"center center","background-size":"auto","background-attachment":"scroll","background-type":"","background-media":"","overlay-type":"","overlay-color":"","overlay-opacity":"","overlay-gradient":""}},"footnotes":""},"class_list":["post-1053","page","type-page","status-publish","hentry"],"_links":{"self":[{"href":"https:\/\/www.gastrotex.com.ar\/web\/wp-json\/wp\/v2\/pages\/1053","targetHints":{"allow":["GET"]}}],"collection":[{"href":"https:\/\/www.gastrotex.com.ar\/web\/wp-json\/wp\/v2\/pages"}],"about":[{"href":"https:\/\/www.gastrotex.com.ar\/web\/wp-json\/wp\/v2\/types\/page"}],"author":[{"embeddable":true,"href":"https:\/\/www.gastrotex.com.ar\/web\/wp-json\/wp\/v2\/users\/1"}],"replies":[{"embeddable":true,"href":"https:\/\/www.gastrotex.com.ar\/web\/wp-json\/wp\/v2\/comments?post=1053"}],"version-history":[{"count":3,"href":"https:\/\/www.gastrotex.com.ar\/web\/wp-json\/wp\/v2\/pages\/1053\/revisions"}],"predecessor-version":[{"id":2136,"href":"https:\/\/www.gastrotex.com.ar\/web\/wp-json\/wp\/v2\/pages\/1053\/revisions\/2136"}],"wp:attachment":[{"href":"https:\/\/www.gastrotex.com.ar\/web\/wp-json\/wp\/v2\/media?parent=1053"}],"curies":[{"name":"wp","href":"https:\/\/api.w.org\/{rel}","templated":true}]}}