{"id":202,"date":"2020-08-24T16:02:36","date_gmt":"2020-08-24T19:02:36","guid":{"rendered":"http:\/\/www.gastrotex.com.ar\/web\/?page_id=202"},"modified":"2023-09-11T08:31:41","modified_gmt":"2023-09-11T11:31:41","slug":"la-empresa","status":"publish","type":"page","link":"https:\/\/www.gastrotex.com.ar\/web\/la-empresa\/","title":{"rendered":"La empresa"},"content":{"rendered":"\t\t<div data-elementor-type=\"wp-page\" data-elementor-id=\"202\" class=\"elementor elementor-202\">\n\t\t\t\t\t\t<section class=\"elementor-section elementor-top-section elementor-element elementor-element-e756944 elementor-section-boxed elementor-section-height-default elementor-section-height-default\" data-id=\"e756944\" data-element_type=\"section\">\n\t\t\t\t\t\t<div class=\"elementor-container elementor-column-gap-default\">\n\t\t\t\t\t<div class=\"elementor-column elementor-col-50 elementor-top-column elementor-element elementor-element-62cc89e\" data-id=\"62cc89e\" data-element_type=\"column\">\n\t\t\t<div class=\"elementor-widget-wrap elementor-element-populated\">\n\t\t\t\t\t\t<div class=\"elementor-element elementor-element-25c0ee24 elementor-widget elementor-widget-text-editor\" data-id=\"25c0ee24\" data-element_type=\"widget\" data-widget_type=\"text-editor.default\">\n\t\t\t\t<div class=\"elementor-widget-container\">\n\t\t\t\t\t\t\t\t\t<p>El objetivo de Gastrotex, es ser la empresa L\u00edder en Tecnolog\u00eda M\u00e9dica, brindando soluciones integrales que puedan dar las mejores respuestas a los profesionales del sistema de salud.<\/p><p style=\"font-weight: 400;\">Estamos comprometidos con la salud y somos conscientes que los mejores resultados para el paciente se obtienen trabajando en equipo con nuestros clientes.<\/p><h3 style=\"font-weight: 400;\"><strong><br \/>MISI\u00d3N<\/strong><\/h3><p style=\"font-weight: 400;\">Proveer la mejor tecnolog\u00eda m\u00e9dica, respaldada por un servicio t\u00e9cnico confiable que garantice la satisfacci\u00f3n de las necesidades de nuestros clientes. Nuestra misi\u00f3n consiste en brindar soluciones a precios asequibles para permitir un mayor acceso a la tecnolog\u00eda a los profesionales de la medicina en todo el pa\u00eds.<\/p><h3 style=\"font-weight: 400;\"><strong><br \/>VISI\u00d3N<\/strong><\/h3><p style=\"font-weight: 400;\">Ser el referente en tecnolog\u00eda m\u00e9dica en el \u00e1rea de GASTROENTEROLOG\u00cdA, CIRUG\u00cdA, GINECOLOG\u00cdA, UROLOG\u00cdA, y NEUMONOLOG\u00cdA en Argentina y pa\u00edses lim\u00edtrofes, manteniendo actualizada la oferta de productos y servicios seg\u00fan los avances tecnol\u00f3gicos y respetando los preceptos de un excelente servicio a precios ajustados a la realidad del mercado.<\/p><p style=\"font-weight: 400;\"><strong style=\"font-size: 16px;\"><em>Gastrotex es la empresa l\u00edder en tecnolog\u00eda m\u00e9dica. Nuestro personal especializado posee amplia experiencia en multinacionales m\u00e9dicas en Am\u00e9rica Latina, Dinamarca, y Espa\u00f1a. Contamos con el aval de prestigiosas marcas de nivel mundial, que confian en nuestra empresa para la representaci\u00f3n y comercializaci\u00f3n de sus productos.<\/em><\/strong><\/p><p style=\"font-weight: 400;\"><strong style=\"font-size: 16px;\"><em>Nuestro SERVICIO T\u00c9CNICO posee m\u00e1s de 20 a\u00f1os de pr\u00e1ctica en la industria nacional del sector, incluyendo personal con s\u00f3lida formaci\u00f3n t\u00e9cnica.<\/em><\/strong><\/p><h4><span style=\"font-size: 16px;\"><b>Nuestro compromiso asumido se basa en cuatro pilares:<\/b><\/span><\/h4><div><ul><li><span style=\"font-size: 16px; font-weight: 400;\">Muy buena tecnolog\u00eda a precios asequibles.<\/span><\/li><li><span style=\"font-size: 16px; font-weight: 400;\">Respaldo de un servicio t\u00e9cnico de confianza.<\/span><\/li><li><span style=\"font-size: 16px; font-weight: 400;\">Amplia cobertura geogr\u00e1fica.<\/span><\/li><li><span style=\"font-size: 16px; font-weight: 400;\">Trabajamos con esp\u00edritu de equipo.<\/span><\/li><\/ul><div>\u00a0<\/div><ul><li style=\"font-weight: 400;\"><strong> Honestidad:<\/strong><\/li><\/ul><p style=\"font-weight: 400;\">Actuamos con total transparencia en la relaci\u00f3n con nuestros clientes, empleados, proveedores y pacientes cumpliendo \u00edntegramente con\u00a0todos los compromisos asumidos.<\/p><ul><li><b>Relaci\u00f3n sostenible con nuestros clientes:<\/b><\/li><\/ul><p style=\"font-weight: 400;\">Queremos ser la primera elecci\u00f3n de nuestros clientes, por lo que brindamos todo nuestro esfuerzo en satisfacer sus necesidades para que contin\u00faen eligi\u00e9ndonos<\/p><ul><li><b>Excelencia t\u00e9cnica:<\/b><\/li><\/ul><p style=\"font-weight: 400;\">La selecci\u00f3n de nuestro abanico de productos se realiza bajo estrictos est\u00e1ndares de calidad, seguridad y precisi\u00f3n.<\/p><ul><li><b>Costo beneficio:<\/b><\/li><\/ul><p style=\"font-weight: 400;\">Somos conscientes que gran parte del \u00e9xito de nuestra empresa se debe a que conocemos la realidad econ\u00f3mica del mercado y ajustamos<br \/>nuestros precios a las demandas del mismo.<\/p><ul><li><b>Comprendemos las necesidades de nuestros clientes:<\/b><\/li><\/ul><p style=\"font-weight: 400;\">Por eso focalizamos nuestro esfuerzo en brindarle el mejor servicio para acompa\u00f1arlo en su labor diaria.<\/p><ul><li><b>Esp\u00edritu de equipo<\/b><\/li><\/ul><p style=\"font-weight: 400;\">Uno de los diferenciales que aportan mayor valor a los servicios de Gastrotex es el esp\u00edritu de equipo y el compromiso de cada uno de los empleados que la forman con los objetivos conjuntos.<\/p><p>\u00a0<\/p><p>\u00a0<\/p><p style=\"font-weight: 400;\"><em><br \/>Certificado de inscripci\u00f3n y autorizaci\u00f3n de funcionamiento de empresa.<\/em><br \/><em>Resoluci\u00f3n MERCOSUR\/GMC 21\/98, incorporada por disposici\u00f3n ANMAT N\u00ba 2319\/02.<\/em><br \/><em>Expediente N\u00ba 1-47-12410-07-3 Legajo N\u00ba 1701.<\/em><\/p><\/div>\t\t\t\t\t\t\t\t<\/div>\n\t\t\t\t<\/div>\n\t\t\t\t\t<\/div>\n\t\t<\/div>\n\t\t\t\t<div class=\"elementor-column elementor-col-50 elementor-top-column elementor-element elementor-element-2de9ef5\" data-id=\"2de9ef5\" data-element_type=\"column\">\n\t\t\t<div class=\"elementor-widget-wrap elementor-element-populated\">\n\t\t\t\t\t\t<div class=\"elementor-element elementor-element-d7cceff elementor-widget elementor-widget-image\" data-id=\"d7cceff\" data-element_type=\"widget\" data-widget_type=\"image.default\">\n\t\t\t\t<div class=\"elementor-widget-container\">\n\t\t\t\t\t\t\t\t\t\t\t\t\t\t\t<img fetchpriority=\"high\" decoding=\"async\" width=\"1024\" height=\"1024\" src=\"https:\/\/www.gastrotex.com.ar\/web\/wp-content\/uploads\/2023\/09\/ofi_01.jpg\" class=\"attachment-large size-large wp-image-2439\" alt=\"\" srcset=\"https:\/\/www.gastrotex.com.ar\/web\/wp-content\/uploads\/2023\/09\/ofi_01.jpg 1024w, https:\/\/www.gastrotex.com.ar\/web\/wp-content\/uploads\/2023\/09\/ofi_01-300x300.jpg 300w, https:\/\/www.gastrotex.com.ar\/web\/wp-content\/uploads\/2023\/09\/ofi_01-150x150.jpg 150w, https:\/\/www.gastrotex.com.ar\/web\/wp-content\/uploads\/2023\/09\/ofi_01-768x768.jpg 768w\" sizes=\"(max-width: 1024px) 100vw, 1024px\" \/>\t\t\t\t\t\t\t\t\t\t\t\t\t\t\t<\/div>\n\t\t\t\t<\/div>\n\t\t\t\t<div class=\"elementor-element elementor-element-40e79a4 elementor-widget elementor-widget-image\" data-id=\"40e79a4\" data-element_type=\"widget\" data-widget_type=\"image.default\">\n\t\t\t\t<div class=\"elementor-widget-container\">\n\t\t\t\t\t\t\t\t\t\t\t\t\t\t\t<img decoding=\"async\" width=\"1024\" height=\"1024\" src=\"https:\/\/www.gastrotex.com.ar\/web\/wp-content\/uploads\/2023\/09\/endoscopio_01.jpg\" class=\"attachment-large size-large wp-image-2440\" alt=\"\" srcset=\"https:\/\/www.gastrotex.com.ar\/web\/wp-content\/uploads\/2023\/09\/endoscopio_01.jpg 1024w, https:\/\/www.gastrotex.com.ar\/web\/wp-content\/uploads\/2023\/09\/endoscopio_01-300x300.jpg 300w, https:\/\/www.gastrotex.com.ar\/web\/wp-content\/uploads\/2023\/09\/endoscopio_01-150x150.jpg 150w, https:\/\/www.gastrotex.com.ar\/web\/wp-content\/uploads\/2023\/09\/endoscopio_01-768x768.jpg 768w\" sizes=\"(max-width: 1024px) 100vw, 1024px\" \/>\t\t\t\t\t\t\t\t\t\t\t\t\t\t\t<\/div>\n\t\t\t\t<\/div>\n\t\t\t\t<div class=\"elementor-element elementor-element-3154b4f elementor-widget elementor-widget-image\" data-id=\"3154b4f\" data-element_type=\"widget\" data-widget_type=\"image.default\">\n\t\t\t\t<div class=\"elementor-widget-container\">\n\t\t\t\t\t\t\t\t\t\t\t\t\t\t\t<img decoding=\"async\" width=\"1024\" height=\"1024\" src=\"https:\/\/www.gastrotex.com.ar\/web\/wp-content\/uploads\/2023\/09\/stand.jpg\" class=\"attachment-large size-large wp-image-2441\" alt=\"\" srcset=\"https:\/\/www.gastrotex.com.ar\/web\/wp-content\/uploads\/2023\/09\/stand.jpg 1024w, https:\/\/www.gastrotex.com.ar\/web\/wp-content\/uploads\/2023\/09\/stand-300x300.jpg 300w, https:\/\/www.gastrotex.com.ar\/web\/wp-content\/uploads\/2023\/09\/stand-150x150.jpg 150w, https:\/\/www.gastrotex.com.ar\/web\/wp-content\/uploads\/2023\/09\/stand-768x768.jpg 768w\" sizes=\"(max-width: 1024px) 100vw, 1024px\" \/>\t\t\t\t\t\t\t\t\t\t\t\t\t\t\t<\/div>\n\t\t\t\t<\/div>\n\t\t\t\t<div class=\"elementor-element elementor-element-5fcd014 elementor-widget elementor-widget-image\" data-id=\"5fcd014\" data-element_type=\"widget\" data-widget_type=\"image.default\">\n\t\t\t\t<div class=\"elementor-widget-container\">\n\t\t\t\t\t\t\t\t\t\t\t\t\t\t\t<img loading=\"lazy\" decoding=\"async\" width=\"1024\" height=\"1024\" src=\"https:\/\/www.gastrotex.com.ar\/web\/wp-content\/uploads\/2023\/09\/stand_02.jpg\" class=\"attachment-large size-large wp-image-2637\" alt=\"\" srcset=\"https:\/\/www.gastrotex.com.ar\/web\/wp-content\/uploads\/2023\/09\/stand_02.jpg 1024w, https:\/\/www.gastrotex.com.ar\/web\/wp-content\/uploads\/2023\/09\/stand_02-300x300.jpg 300w, https:\/\/www.gastrotex.com.ar\/web\/wp-content\/uploads\/2023\/09\/stand_02-150x150.jpg 150w, https:\/\/www.gastrotex.com.ar\/web\/wp-content\/uploads\/2023\/09\/stand_02-768x768.jpg 768w\" sizes=\"(max-width: 1024px) 100vw, 1024px\" \/>\t\t\t\t\t\t\t\t\t\t\t\t\t\t\t<\/div>\n\t\t\t\t<\/div>\n\t\t\t\t<div class=\"elementor-element elementor-element-33fb6c4 elementor-widget elementor-widget-image\" data-id=\"33fb6c4\" data-element_type=\"widget\" data-widget_type=\"image.default\">\n\t\t\t\t<div class=\"elementor-widget-container\">\n\t\t\t\t\t\t\t\t\t\t\t\t\t\t\t<img loading=\"lazy\" decoding=\"async\" width=\"1024\" height=\"1024\" src=\"https:\/\/www.gastrotex.com.ar\/web\/wp-content\/uploads\/2023\/09\/st_01.jpg\" class=\"attachment-large size-large wp-image-2442\" alt=\"\" srcset=\"https:\/\/www.gastrotex.com.ar\/web\/wp-content\/uploads\/2023\/09\/st_01.jpg 1024w, https:\/\/www.gastrotex.com.ar\/web\/wp-content\/uploads\/2023\/09\/st_01-300x300.jpg 300w, https:\/\/www.gastrotex.com.ar\/web\/wp-content\/uploads\/2023\/09\/st_01-150x150.jpg 150w, https:\/\/www.gastrotex.com.ar\/web\/wp-content\/uploads\/2023\/09\/st_01-768x768.jpg 768w\" sizes=\"(max-width: 1024px) 100vw, 1024px\" \/>\t\t\t\t\t\t\t\t\t\t\t\t\t\t\t<\/div>\n\t\t\t\t<\/div>\n\t\t\t\t\t<\/div>\n\t\t<\/div>\n\t\t\t\t\t<\/div>\n\t\t<\/section>\n\t\t\t\t<\/div>\n\t\t","protected":false},"excerpt":{"rendered":"<p>El objetivo de Gastrotex, es ser la empresa L\u00edder en Tecnolog\u00eda M\u00e9dica, brindando soluciones integrales que puedan dar las mejores respuestas a los profesionales del sistema de salud. Estamos comprometidos con la salud y somos conscientes que los mejores resultados para el paciente se obtienen trabajando en equipo con nuestros clientes. MISI\u00d3N Proveer la mejor [&hellip;]<\/p>\n","protected":false},"author":1,"featured_media":0,"parent":0,"menu_order":0,"comment_status":"closed","ping_status":"closed","template":"","meta":{"site-sidebar-layout":"no-sidebar","site-content-layout":"plain-container","ast-site-content-layout":"default","site-content-style":"default","site-sidebar-style":"default","ast-global-header-display":"","ast-banner-title-visibility":"","ast-main-header-display":"","ast-hfb-above-header-display":"","ast-hfb-below-header-display":"","ast-hfb-mobile-header-display":"","site-post-title":"disabled","ast-breadcrumbs-content":"","ast-featured-img":"","footer-sml-layout":"","ast-disable-related-posts":"","theme-transparent-header-meta":"disabled","adv-header-id-meta":"","stick-header-meta":"","header-above-stick-meta":"","header-main-stick-meta":"","header-below-stick-meta":"","astra-migrate-meta-layouts":"default","ast-page-background-enabled":"default","ast-page-background-meta":{"desktop":{"background-color":"","background-image":"","background-repeat":"repeat","background-position":"center center","background-size":"auto","background-attachment":"scroll","background-type":"","background-media":"","overlay-type":"","overlay-color":"","overlay-opacity":"","overlay-gradient":""},"tablet":{"background-color":"","background-image":"","background-repeat":"repeat","background-position":"center center","background-size":"auto","background-attachment":"scroll","background-type":"","background-media":"","overlay-type":"","overlay-color":"","overlay-opacity":"","overlay-gradient":""},"mobile":{"background-color":"","background-image":"","background-repeat":"repeat","background-position":"center center","background-size":"auto","background-attachment":"scroll","background-type":"","background-media":"","overlay-type":"","overlay-color":"","overlay-opacity":"","overlay-gradient":""}},"ast-content-background-meta":{"desktop":{"background-color":"var(--ast-global-color-5)","background-image":"","background-repeat":"repeat","background-position":"center center","background-size":"auto","background-attachment":"scroll","background-type":"","background-media":"","overlay-type":"","overlay-color":"","overlay-opacity":"","overlay-gradient":""},"tablet":{"background-color":"var(--ast-global-color-5)","background-image":"","background-repeat":"repeat","background-position":"center center","background-size":"auto","background-attachment":"scroll","background-type":"","background-media":"","overlay-type":"","overlay-color":"","overlay-opacity":"","overlay-gradient":""},"mobile":{"background-color":"var(--ast-global-color-5)","background-image":"","background-repeat":"repeat","background-position":"center center","background-size":"auto","background-attachment":"scroll","background-type":"","background-media":"","overlay-type":"","overlay-color":"","overlay-opacity":"","overlay-gradient":""}},"footnotes":""},"class_list":["post-202","page","type-page","status-publish","hentry"],"_links":{"self":[{"href":"https:\/\/www.gastrotex.com.ar\/web\/wp-json\/wp\/v2\/pages\/202","targetHints":{"allow":["GET"]}}],"collection":[{"href":"https:\/\/www.gastrotex.com.ar\/web\/wp-json\/wp\/v2\/pages"}],"about":[{"href":"https:\/\/www.gastrotex.com.ar\/web\/wp-json\/wp\/v2\/types\/page"}],"author":[{"embeddable":true,"href":"https:\/\/www.gastrotex.com.ar\/web\/wp-json\/wp\/v2\/users\/1"}],"replies":[{"embeddable":true,"href":"https:\/\/www.gastrotex.com.ar\/web\/wp-json\/wp\/v2\/comments?post=202"}],"version-history":[{"count":62,"href":"https:\/\/www.gastrotex.com.ar\/web\/wp-json\/wp\/v2\/pages\/202\/revisions"}],"predecessor-version":[{"id":2640,"href":"https:\/\/www.gastrotex.com.ar\/web\/wp-json\/wp\/v2\/pages\/202\/revisions\/2640"}],"wp:attachment":[{"href":"https:\/\/www.gastrotex.com.ar\/web\/wp-json\/wp\/v2\/media?parent=202"}],"curies":[{"name":"wp","href":"https:\/\/api.w.org\/{rel}","templated":true}]}}