{"id":987,"date":"2020-10-27T16:17:43","date_gmt":"2020-10-27T16:17:43","guid":{"rendered":"http:\/\/www.gastrotex.com.ar\/web\/?page_id=987"},"modified":"2020-10-27T16:18:27","modified_gmt":"2020-10-27T16:18:27","slug":"motilidad-digestiva","status":"publish","type":"page","link":"https:\/\/www.gastrotex.com.ar\/web\/motilidad-digestiva\/","title":{"rendered":"Motilidad Digestiva"},"content":{"rendered":"\t\t<div data-elementor-type=\"wp-page\" data-elementor-id=\"987\" class=\"elementor elementor-987\">\n\t\t\t\t\t\t<section class=\"elementor-section elementor-top-section elementor-element elementor-element-23087219 elementor-section-boxed elementor-section-height-default elementor-section-height-default\" data-id=\"23087219\" data-element_type=\"section\">\n\t\t\t\t\t\t<div class=\"elementor-container elementor-column-gap-default\">\n\t\t\t\t\t<div class=\"elementor-column elementor-col-100 elementor-top-column elementor-element elementor-element-18a483d3\" data-id=\"18a483d3\" data-element_type=\"column\">\n\t\t\t<div class=\"elementor-widget-wrap elementor-element-populated\">\n\t\t\t\t\t\t<div class=\"elementor-element elementor-element-5926a8ac elementor-grid-eael-col-3 elementor-grid-tablet-eael-col-2 elementor-grid-mobile-eael-col-1 elementor-widget elementor-widget-eael-post-grid\" data-id=\"5926a8ac\" data-element_type=\"widget\" data-settings=\"{&quot;eael_post_grid_columns&quot;:&quot;eael-col-3&quot;,&quot;eael_post_grid_columns_tablet&quot;:&quot;eael-col-2&quot;,&quot;eael_post_grid_columns_mobile&quot;:&quot;eael-col-1&quot;}\" data-widget_type=\"eael-post-grid.default\">\n\t\t\t\t<div class=\"elementor-widget-container\">\n\t\t\t\t\t<div id=\"eael-post-grid-5926a8ac\" class=\"eael-post-grid-container\">\n            <div class=\"eael-post-grid eael-post-appender eael-post-appender-5926a8ac eael-post-grid-style-one\" data-layout-mode=\"grid\"><article class=\"eael-grid-post eael-post-grid-column\" data-id=\"966\">\n        <div class=\"eael-grid-post-holder\">\n            <div class=\"eael-grid-post-holder-inner\"><div class=\"eael-entry-media\"><ul class=\"post-carousel-categories\"><li><a href=\"https:\/\/www.gastrotex.com.ar\/web\/tag\/diversatek\/\">diversatek<\/a><\/li><\/ul><div class=\"eael-entry-overlay fade-in\"><i class=\"fas fa-long-arrow-alt-right\" aria-hidden=\"true\"><\/i><a href=\"https:\/\/www.gastrotex.com.ar\/web\/insight-manometria-anorectal-de-alta-resolucion-hram\/\"target=\"_blank\"><\/a><\/div><div class=\"eael-entry-thumbnail \">\n                <img fetchpriority=\"high\" decoding=\"async\" width=\"600\" height=\"339\" src=\"https:\/\/www.gastrotex.com.ar\/web\/wp-content\/uploads\/2020\/08\/motili3.jpg\" class=\"attachment-full size-full wp-image-972\" alt=\"\" srcset=\"https:\/\/www.gastrotex.com.ar\/web\/wp-content\/uploads\/2020\/08\/motili3.jpg 600w, https:\/\/www.gastrotex.com.ar\/web\/wp-content\/uploads\/2020\/08\/motili3-300x170.jpg 300w\" sizes=\"(max-width: 600px) 100vw, 600px\" \/>\n            <\/div>\n        <\/div><div class=\"eael-entry-wrapper\"><header class=\"eael-entry-header\"><h4 class=\"eael-entry-title\"><a class=\"eael-grid-post-link\" href=\"https:\/\/www.gastrotex.com.ar\/web\/insight-manometria-anorectal-de-alta-resolucion-hram\/\" title=\"InSIGHT Manometr\u00eda anorectal de alta resoluci\u00f3n &#8211; HRaM &#8211; Diversatek\"target=\"_blank\">InSIGHT Manometr\u00eda anorectal de alta resoluci\u00f3n &#8211; HRaM &#8211; Diversatek<\/a><\/h4><\/header><div class=\"eael-entry-content\">\n                        <div class=\"eael-grid-post-excerpt\"><p>InSIGHT Ultima permite realizar manometr\u00eda anorrectal con sondas de alta resoluci\u00f3n con sensores direccionales o circunferenciales, como as\u00ed...<\/p><a href=\"https:\/\/www.gastrotex.com.ar\/web\/insight-manometria-anorectal-de-alta-resolucion-hram\/\" class=\"eael-post-elements-readmore-btn\"target=\"_blank\">Leer m\u00e1s<\/a><\/div>\n                    <\/div><div class=\"eael-entry-footer\"><div class=\"eael-entry-meta\"><\/div><\/div><\/div><\/div>\n        <\/div>\n    <\/article><article class=\"eael-grid-post eael-post-grid-column\" data-id=\"963\">\n        <div class=\"eael-grid-post-holder\">\n            <div class=\"eael-grid-post-holder-inner\"><div class=\"eael-entry-media\"><ul class=\"post-carousel-categories\"><li><a href=\"https:\/\/www.gastrotex.com.ar\/web\/tag\/diversatek\/\">diversatek<\/a><\/li><\/ul><div class=\"eael-entry-overlay fade-in\"><i class=\"fas fa-long-arrow-alt-right\" aria-hidden=\"true\"><\/i><a href=\"https:\/\/www.gastrotex.com.ar\/web\/insight-manometria-esofagica\/\"target=\"_blank\"><\/a><\/div><div class=\"eael-entry-thumbnail \">\n                <img decoding=\"async\" width=\"600\" height=\"339\" src=\"https:\/\/www.gastrotex.com.ar\/web\/wp-content\/uploads\/2020\/08\/sandhil1.jpg\" class=\"attachment-full size-full wp-image-971\" alt=\"\" srcset=\"https:\/\/www.gastrotex.com.ar\/web\/wp-content\/uploads\/2020\/08\/sandhil1.jpg 600w, https:\/\/www.gastrotex.com.ar\/web\/wp-content\/uploads\/2020\/08\/sandhil1-300x170.jpg 300w\" sizes=\"(max-width: 600px) 100vw, 600px\" \/>\n            <\/div>\n        <\/div><div class=\"eael-entry-wrapper\"><header class=\"eael-entry-header\"><h4 class=\"eael-entry-title\"><a class=\"eael-grid-post-link\" href=\"https:\/\/www.gastrotex.com.ar\/web\/insight-manometria-esofagica\/\" title=\"InSIGHT Manometr\u00eda esof\u00e1gica &#8211; Diversatek\"target=\"_blank\">InSIGHT Manometr\u00eda esof\u00e1gica &#8211; Diversatek<\/a><\/h4><\/header><div class=\"eael-entry-content\">\n                        <div class=\"eael-grid-post-excerpt\"><p>En una simple prueba de degluci\u00f3n, el sistema inSIGHT Ultima eval\u00faa con precisi\u00f3n la funci\u00f3n esof\u00e1gica combinando la...<\/p><a href=\"https:\/\/www.gastrotex.com.ar\/web\/insight-manometria-esofagica\/\" class=\"eael-post-elements-readmore-btn\"target=\"_blank\">Leer m\u00e1s<\/a><\/div>\n                    <\/div><div class=\"eael-entry-footer\"><div class=\"eael-entry-meta\"><\/div><\/div><\/div><\/div>\n        <\/div>\n    <\/article><article class=\"eael-grid-post eael-post-grid-column\" data-id=\"960\">\n        <div class=\"eael-grid-post-holder\">\n            <div class=\"eael-grid-post-holder-inner\"><div class=\"eael-entry-media\"><ul class=\"post-carousel-categories\"><li><a href=\"https:\/\/www.gastrotex.com.ar\/web\/tag\/diversatek\/\">diversatek<\/a><\/li><\/ul><div class=\"eael-entry-overlay fade-in\"><i class=\"fas fa-long-arrow-alt-right\" aria-hidden=\"true\"><\/i><a href=\"https:\/\/www.gastrotex.com.ar\/web\/zephr\/\"target=\"_blank\"><\/a><\/div><div class=\"eael-entry-thumbnail \">\n                <img decoding=\"async\" width=\"600\" height=\"339\" src=\"https:\/\/www.gastrotex.com.ar\/web\/wp-content\/uploads\/2020\/08\/moti2.jpg\" class=\"attachment-full size-full wp-image-970\" alt=\"\" srcset=\"https:\/\/www.gastrotex.com.ar\/web\/wp-content\/uploads\/2020\/08\/moti2.jpg 600w, https:\/\/www.gastrotex.com.ar\/web\/wp-content\/uploads\/2020\/08\/moti2-300x170.jpg 300w\" sizes=\"(max-width: 600px) 100vw, 600px\" \/>\n            <\/div>\n        <\/div><div class=\"eael-entry-wrapper\"><header class=\"eael-entry-header\"><h4 class=\"eael-entry-title\"><a class=\"eael-grid-post-link\" href=\"https:\/\/www.gastrotex.com.ar\/web\/zephr\/\" title=\"Sistema de monitoreo de reflujo con pH\/Impedancia ZepHr\u00ae &#8211; Diversatek\"target=\"_blank\">Sistema de monitoreo de reflujo con pH\/Impedancia ZepHr\u00ae &#8211; Diversatek<\/a><\/h4><\/header><div class=\"eael-entry-content\">\n                        <div class=\"eael-grid-post-excerpt\"><p>Sistema de monitoreo de reflujo con pH\/impedancia\u00a0 pHmetr\u00eda y pH\/impedanciometr\u00eda esof\u00e1gica para el diagn\u00f3stico de reflujo El Sistema...<\/p><a href=\"https:\/\/www.gastrotex.com.ar\/web\/zephr\/\" class=\"eael-post-elements-readmore-btn\"target=\"_blank\">Leer m\u00e1s<\/a><\/div>\n                    <\/div><div class=\"eael-entry-footer\"><div class=\"eael-entry-meta\"><\/div><\/div><\/div><\/div>\n        <\/div>\n    <\/article><\/div>\n            <div class=\"clearfix\"><\/div>\n        <\/div>\t\t\t\t<\/div>\n\t\t\t\t<\/div>\n\t\t\t\t\t<\/div>\n\t\t<\/div>\n\t\t\t\t\t<\/div>\n\t\t<\/section>\n\t\t\t\t<\/div>\n\t\t","protected":false},"excerpt":{"rendered":"<p>InSIGHT Manometr\u00eda anorectal de alta resoluci\u00f3n \u2013 HRaM InSIGHT Ultima permite realizar manometr\u00eda anorrectal con sondas de alta resoluci\u00f3n con sensores direccionales o circunferenciales, como as\u00ed&#8230; Leer m\u00e1s InSIGHT Manometr\u00eda esof\u00e1gica En una simple prueba de degluci\u00f3n, el sistema inSIGHT Ultima eval\u00faa con precisi\u00f3n la funci\u00f3n esof\u00e1gica combinando la&#8230; Leer m\u00e1s ZepHr\u00ae Sistema de monitoreo [&hellip;]<\/p>\n","protected":false},"author":1,"featured_media":0,"parent":0,"menu_order":0,"comment_status":"closed","ping_status":"closed","template":"","meta":{"site-sidebar-layout":"no-sidebar","site-content-layout":"page-builder","ast-site-content-layout":"default","site-content-style":"default","site-sidebar-style":"default","ast-global-header-display":"","ast-banner-title-visibility":"","ast-main-header-display":"","ast-hfb-above-header-display":"","ast-hfb-below-header-display":"","ast-hfb-mobile-header-display":"","site-post-title":"disabled","ast-breadcrumbs-content":"","ast-featured-img":"disabled","footer-sml-layout":"","ast-disable-related-posts":"","theme-transparent-header-meta":"","adv-header-id-meta":"","stick-header-meta":"","header-above-stick-meta":"","header-main-stick-meta":"","header-below-stick-meta":"","astra-migrate-meta-layouts":"default","ast-page-background-enabled":"default","ast-page-background-meta":{"desktop":{"background-color":"","background-image":"","background-repeat":"repeat","background-position":"center center","background-size":"auto","background-attachment":"scroll","background-type":"","background-media":"","overlay-type":"","overlay-color":"","overlay-opacity":"","overlay-gradient":""},"tablet":{"background-color":"","background-image":"","background-repeat":"repeat","background-position":"center center","background-size":"auto","background-attachment":"scroll","background-type":"","background-media":"","overlay-type":"","overlay-color":"","overlay-opacity":"","overlay-gradient":""},"mobile":{"background-color":"","background-image":"","background-repeat":"repeat","background-position":"center center","background-size":"auto","background-attachment":"scroll","background-type":"","background-media":"","overlay-type":"","overlay-color":"","overlay-opacity":"","overlay-gradient":""}},"ast-content-background-meta":{"desktop":{"background-color":"var(--ast-global-color-5)","background-image":"","background-repeat":"repeat","background-position":"center center","background-size":"auto","background-attachment":"scroll","background-type":"","background-media":"","overlay-type":"","overlay-color":"","overlay-opacity":"","overlay-gradient":""},"tablet":{"background-color":"var(--ast-global-color-5)","background-image":"","background-repeat":"repeat","background-position":"center center","background-size":"auto","background-attachment":"scroll","background-type":"","background-media":"","overlay-type":"","overlay-color":"","overlay-opacity":"","overlay-gradient":""},"mobile":{"background-color":"var(--ast-global-color-5)","background-image":"","background-repeat":"repeat","background-position":"center center","background-size":"auto","background-attachment":"scroll","background-type":"","background-media":"","overlay-type":"","overlay-color":"","overlay-opacity":"","overlay-gradient":""}},"footnotes":""},"class_list":["post-987","page","type-page","status-publish","hentry"],"_links":{"self":[{"href":"https:\/\/www.gastrotex.com.ar\/web\/wp-json\/wp\/v2\/pages\/987","targetHints":{"allow":["GET"]}}],"collection":[{"href":"https:\/\/www.gastrotex.com.ar\/web\/wp-json\/wp\/v2\/pages"}],"about":[{"href":"https:\/\/www.gastrotex.com.ar\/web\/wp-json\/wp\/v2\/types\/page"}],"author":[{"embeddable":true,"href":"https:\/\/www.gastrotex.com.ar\/web\/wp-json\/wp\/v2\/users\/1"}],"replies":[{"embeddable":true,"href":"https:\/\/www.gastrotex.com.ar\/web\/wp-json\/wp\/v2\/comments?post=987"}],"version-history":[{"count":2,"href":"https:\/\/www.gastrotex.com.ar\/web\/wp-json\/wp\/v2\/pages\/987\/revisions"}],"predecessor-version":[{"id":989,"href":"https:\/\/www.gastrotex.com.ar\/web\/wp-json\/wp\/v2\/pages\/987\/revisions\/989"}],"wp:attachment":[{"href":"https:\/\/www.gastrotex.com.ar\/web\/wp-json\/wp\/v2\/media?parent=987"}],"curies":[{"name":"wp","href":"https:\/\/api.w.org\/{rel}","templated":true}]}}