{"id":991,"date":"2020-10-27T16:22:01","date_gmt":"2020-10-27T19:22:01","guid":{"rendered":"http:\/\/www.gastrotex.com.ar\/web\/?page_id=991"},"modified":"2023-08-03T23:58:12","modified_gmt":"2023-08-04T02:58:12","slug":"desordenes-digestivos","status":"publish","type":"page","link":"https:\/\/www.gastrotex.com.ar\/web\/desordenes-digestivos\/","title":{"rendered":"Des\u00f3rdenes Digestivos"},"content":{"rendered":"\t\t<div data-elementor-type=\"wp-page\" data-elementor-id=\"991\" class=\"elementor elementor-991\">\n\t\t\t\t\t\t<section class=\"elementor-section elementor-top-section elementor-element elementor-element-5b30cae9 elementor-section-boxed elementor-section-height-default elementor-section-height-default\" data-id=\"5b30cae9\" data-element_type=\"section\">\n\t\t\t\t\t\t<div class=\"elementor-container elementor-column-gap-default\">\n\t\t\t\t\t<div class=\"elementor-column elementor-col-100 elementor-top-column elementor-element elementor-element-21953136\" data-id=\"21953136\" data-element_type=\"column\">\n\t\t\t<div class=\"elementor-widget-wrap elementor-element-populated\">\n\t\t\t\t\t\t<div class=\"elementor-element elementor-element-3db2a7f6 elementor-grid-eael-col-3 elementor-grid-tablet-eael-col-2 elementor-grid-mobile-eael-col-1 elementor-widget elementor-widget-eael-post-grid\" data-id=\"3db2a7f6\" data-element_type=\"widget\" data-settings=\"{&quot;eael_post_grid_columns&quot;:&quot;eael-col-3&quot;,&quot;eael_post_grid_columns_tablet&quot;:&quot;eael-col-2&quot;,&quot;eael_post_grid_columns_mobile&quot;:&quot;eael-col-1&quot;}\" data-widget_type=\"eael-post-grid.default\">\n\t\t\t\t<div class=\"elementor-widget-container\">\n\t\t\t\t\t<div id=\"eael-post-grid-3db2a7f6\" class=\"eael-post-grid-container\">\n            <div class=\"eael-post-grid eael-post-appender eael-post-appender-3db2a7f6 eael-post-grid-style-one\" data-layout-mode=\"grid\"><article class=\"eael-grid-post eael-post-grid-column\" data-id=\"472\">\n        <div class=\"eael-grid-post-holder\">\n            <div class=\"eael-grid-post-holder-inner\"><div class=\"eael-entry-media\"><ul class=\"post-carousel-categories\"><li><a href=\"https:\/\/www.gastrotex.com.ar\/web\/tag\/richen\/\">Richen<\/a><\/li><\/ul><div class=\"eael-entry-overlay fade-in\"><i class=\"fas fa-long-arrow-alt-right\" aria-hidden=\"true\"><\/i><a href=\"https:\/\/www.gastrotex.com.ar\/web\/kit-ub-1140\/\"target=\"_blank\"><\/a><\/div><div class=\"eael-entry-thumbnail \">\n                <img fetchpriority=\"high\" decoding=\"async\" width=\"600\" height=\"339\" src=\"https:\/\/www.gastrotex.com.ar\/web\/wp-content\/uploads\/2020\/09\/kithub.jpg\" class=\"attachment-full size-full wp-image-473\" alt=\"\" srcset=\"https:\/\/www.gastrotex.com.ar\/web\/wp-content\/uploads\/2020\/09\/kithub.jpg 600w, https:\/\/www.gastrotex.com.ar\/web\/wp-content\/uploads\/2020\/09\/kithub-300x170.jpg 300w\" sizes=\"(max-width: 600px) 100vw, 600px\" \/>\n            <\/div>\n        <\/div><div class=\"eael-entry-wrapper\"><header class=\"eael-entry-header\"><h4 class=\"eael-entry-title\"><a class=\"eael-grid-post-link\" href=\"https:\/\/www.gastrotex.com.ar\/web\/kit-ub-1140\/\" title=\"KIT UB 1140\"target=\"_blank\">KIT UB 1140<\/a><\/h4><\/header><div class=\"eael-entry-content\">\n                        <div class=\"eael-grid-post-excerpt\"><p>Heliforce Kitde test de aliento Urea (13C UBT-1140) Carbono 13C Urea Vaso de reactivo especializado, sensibilidad 98% y...<\/p><a href=\"https:\/\/www.gastrotex.com.ar\/web\/kit-ub-1140\/\" class=\"eael-post-elements-readmore-btn\"target=\"_blank\">Leer m\u00e1s<\/a><\/div>\n                    <\/div><div class=\"eael-entry-footer\"><div class=\"eael-entry-meta\"><\/div><\/div><\/div><\/div>\n        <\/div>\n    <\/article><article class=\"eael-grid-post eael-post-grid-column\" data-id=\"469\">\n        <div class=\"eael-grid-post-holder\">\n            <div class=\"eael-grid-post-holder-inner\"><div class=\"eael-entry-media\"><ul class=\"post-carousel-categories\"><li><a href=\"https:\/\/www.gastrotex.com.ar\/web\/tag\/richen\/\">Richen<\/a><\/li><\/ul><div class=\"eael-entry-overlay fade-in\"><i class=\"fas fa-long-arrow-alt-right\" aria-hidden=\"true\"><\/i><a href=\"https:\/\/www.gastrotex.com.ar\/web\/force-hgir-200\/\"target=\"_blank\"><\/a><\/div><div class=\"eael-entry-thumbnail \">\n                <img decoding=\"async\" width=\"600\" height=\"339\" src=\"https:\/\/www.gastrotex.com.ar\/web\/wp-content\/uploads\/2020\/09\/forcehg.jpg\" class=\"attachment-full size-full wp-image-470\" alt=\"\" srcset=\"https:\/\/www.gastrotex.com.ar\/web\/wp-content\/uploads\/2020\/09\/forcehg.jpg 600w, https:\/\/www.gastrotex.com.ar\/web\/wp-content\/uploads\/2020\/09\/forcehg-300x170.jpg 300w\" sizes=\"(max-width: 600px) 100vw, 600px\" \/>\n            <\/div>\n        <\/div><div class=\"eael-entry-wrapper\"><header class=\"eael-entry-header\"><h4 class=\"eael-entry-title\"><a class=\"eael-grid-post-link\" href=\"https:\/\/www.gastrotex.com.ar\/web\/force-hgir-200\/\" title=\"Force HGIR 200\"target=\"_blank\">Force HGIR 200<\/a><\/h4><\/header><div class=\"eael-entry-content\">\n                        <div class=\"eael-grid-post-excerpt\"><p>Espectr\u00f3metro Infrarrojo de 13C en Modelo HGIR-force 200 es un espectrofot\u00f3metro infrarrojo, el cual es dise\u00f1ado para medir...<\/p><a href=\"https:\/\/www.gastrotex.com.ar\/web\/force-hgir-200\/\" class=\"eael-post-elements-readmore-btn\"target=\"_blank\">Leer m\u00e1s<\/a><\/div>\n                    <\/div><div class=\"eael-entry-footer\"><div class=\"eael-entry-meta\"><\/div><\/div><\/div><\/div>\n        <\/div>\n    <\/article><article class=\"eael-grid-post eael-post-grid-column\" data-id=\"410\">\n        <div class=\"eael-grid-post-holder\">\n            <div class=\"eael-grid-post-holder-inner\"><div class=\"eael-entry-media\"><ul class=\"post-carousel-categories\"><li><a href=\"https:\/\/www.gastrotex.com.ar\/web\/tag\/bedfont\/\">Bedfont<\/a><\/li><\/ul><div class=\"eael-entry-overlay fade-in\"><i class=\"fas fa-long-arrow-alt-right\" aria-hidden=\"true\"><\/i><a href=\"https:\/\/www.gastrotex.com.ar\/web\/gastroch4eck\/\"target=\"_blank\"><\/a><\/div><div class=\"eael-entry-thumbnail \">\n                <img decoding=\"async\" width=\"600\" height=\"339\" src=\"https:\/\/www.gastrotex.com.ar\/web\/wp-content\/uploads\/2020\/09\/gastrocheck.jpg\" class=\"attachment-full size-full wp-image-411\" alt=\"\" srcset=\"https:\/\/www.gastrotex.com.ar\/web\/wp-content\/uploads\/2020\/09\/gastrocheck.jpg 600w, https:\/\/www.gastrotex.com.ar\/web\/wp-content\/uploads\/2020\/09\/gastrocheck-300x170.jpg 300w\" sizes=\"(max-width: 600px) 100vw, 600px\" \/>\n            <\/div>\n        <\/div><div class=\"eael-entry-wrapper\"><header class=\"eael-entry-header\"><h4 class=\"eael-entry-title\"><a class=\"eael-grid-post-link\" href=\"https:\/\/www.gastrotex.com.ar\/web\/gastroch4eck\/\" title=\"GastroCH4ECK\u00ae &#8211; Bedfont\"target=\"_blank\">GastroCH4ECK\u00ae &#8211; Bedfont<\/a><\/h4><\/header><div class=\"eael-entry-content\">\n                        <div class=\"eael-grid-post-excerpt\"><p>Monitoreo de hidr\u00f3geno y metano espirado para ayudar en el diagn\u00f3stico de des\u00f3rdenes gastrointestinales. Un porcentaje de pacientes...<\/p><a href=\"https:\/\/www.gastrotex.com.ar\/web\/gastroch4eck\/\" class=\"eael-post-elements-readmore-btn\"target=\"_blank\">Leer m\u00e1s<\/a><\/div>\n                    <\/div><div class=\"eael-entry-footer\"><div class=\"eael-entry-meta\"><\/div><\/div><\/div><\/div>\n        <\/div>\n    <\/article><article class=\"eael-grid-post eael-post-grid-column\" data-id=\"394\">\n        <div class=\"eael-grid-post-holder\">\n            <div class=\"eael-grid-post-holder-inner\"><div class=\"eael-entry-media\"><ul class=\"post-carousel-categories\"><li><a href=\"https:\/\/www.gastrotex.com.ar\/web\/tag\/bedfont\/\">Bedfont<\/a><\/li><\/ul><div class=\"eael-entry-overlay fade-in\"><i class=\"fas fa-long-arrow-alt-right\" aria-hidden=\"true\"><\/i><a href=\"https:\/\/www.gastrotex.com.ar\/web\/gastrolyzer-deteccion-de-desordenes-gi\/\"target=\"_blank\"><\/a><\/div><div class=\"eael-entry-thumbnail \">\n                <img loading=\"lazy\" decoding=\"async\" width=\"600\" height=\"339\" src=\"https:\/\/www.gastrotex.com.ar\/web\/wp-content\/uploads\/2020\/09\/gastrolizer.jpg\" class=\"attachment-full size-full wp-image-395\" alt=\"\" srcset=\"https:\/\/www.gastrotex.com.ar\/web\/wp-content\/uploads\/2020\/09\/gastrolizer.jpg 600w, https:\/\/www.gastrotex.com.ar\/web\/wp-content\/uploads\/2020\/09\/gastrolizer-300x170.jpg 300w\" sizes=\"(max-width: 600px) 100vw, 600px\" \/>\n            <\/div>\n        <\/div><div class=\"eael-entry-wrapper\"><header class=\"eael-entry-header\"><h4 class=\"eael-entry-title\"><a class=\"eael-grid-post-link\" href=\"https:\/\/www.gastrotex.com.ar\/web\/gastrolyzer-deteccion-de-desordenes-gi\/\" title=\"Gastrolyzer\u00ae. Detecci\u00f3n de des\u00f3rdenes GI &#8211; Bedfont\"target=\"_blank\">Gastrolyzer\u00ae. Detecci\u00f3n de des\u00f3rdenes GI &#8211; Bedfont<\/a><\/h4><\/header><div class=\"eael-entry-content\">\n                        <div class=\"eael-grid-post-excerpt\"><p>Monitoreo de hidr\u00f3geno espirado para ayudar en la detecci\u00f3n de des\u00f3rdenes gastrointestinales. El test de aliento de hidr\u00f3geno...<\/p><a href=\"https:\/\/www.gastrotex.com.ar\/web\/gastrolyzer-deteccion-de-desordenes-gi\/\" class=\"eael-post-elements-readmore-btn\"target=\"_blank\">Leer m\u00e1s<\/a><\/div>\n                    <\/div><div class=\"eael-entry-footer\"><div class=\"eael-entry-meta\"><\/div><\/div><\/div><\/div>\n        <\/div>\n    <\/article><\/div>\n            <div class=\"clearfix\"><\/div>\n        <\/div>\t\t\t\t<\/div>\n\t\t\t\t<\/div>\n\t\t\t\t\t<\/div>\n\t\t<\/div>\n\t\t\t\t\t<\/div>\n\t\t<\/section>\n\t\t\t\t<\/div>\n\t\t","protected":false},"excerpt":{"rendered":"<p>RICHEN KIT UB 1140 Heliforce Kitde test de aliento Urea (13C UBT-1140) Carbono 13C Urea Vaso de reactivo especializado, sensibilidad 98% y&#8230; Leer m\u00e1s RICHEN Force HGIR 200 Espectr\u00f3metro Infrarrojo de 13C en Modelo HGIR-force 200 es un espectrofot\u00f3metro infrarrojo, el cual es dise\u00f1ado para medir&#8230; Leer m\u00e1s Bedfont GASTROCH4ECK\u00ae Monitoreo de hidr\u00f3geno y metano [&hellip;]<\/p>\n","protected":false},"author":1,"featured_media":0,"parent":0,"menu_order":0,"comment_status":"closed","ping_status":"closed","template":"","meta":{"site-sidebar-layout":"no-sidebar","site-content-layout":"page-builder","ast-site-content-layout":"default","site-content-style":"default","site-sidebar-style":"default","ast-global-header-display":"","ast-banner-title-visibility":"","ast-main-header-display":"","ast-hfb-above-header-display":"","ast-hfb-below-header-display":"","ast-hfb-mobile-header-display":"","site-post-title":"disabled","ast-breadcrumbs-content":"","ast-featured-img":"disabled","footer-sml-layout":"","ast-disable-related-posts":"","theme-transparent-header-meta":"","adv-header-id-meta":"","stick-header-meta":"","header-above-stick-meta":"","header-main-stick-meta":"","header-below-stick-meta":"","astra-migrate-meta-layouts":"default","ast-page-background-enabled":"default","ast-page-background-meta":{"desktop":{"background-color":"","background-image":"","background-repeat":"repeat","background-position":"center center","background-size":"auto","background-attachment":"scroll","background-type":"","background-media":"","overlay-type":"","overlay-color":"","overlay-opacity":"","overlay-gradient":""},"tablet":{"background-color":"","background-image":"","background-repeat":"repeat","background-position":"center center","background-size":"auto","background-attachment":"scroll","background-type":"","background-media":"","overlay-type":"","overlay-color":"","overlay-opacity":"","overlay-gradient":""},"mobile":{"background-color":"","background-image":"","background-repeat":"repeat","background-position":"center center","background-size":"auto","background-attachment":"scroll","background-type":"","background-media":"","overlay-type":"","overlay-color":"","overlay-opacity":"","overlay-gradient":""}},"ast-content-background-meta":{"desktop":{"background-color":"var(--ast-global-color-5)","background-image":"","background-repeat":"repeat","background-position":"center center","background-size":"auto","background-attachment":"scroll","background-type":"","background-media":"","overlay-type":"","overlay-color":"","overlay-opacity":"","overlay-gradient":""},"tablet":{"background-color":"var(--ast-global-color-5)","background-image":"","background-repeat":"repeat","background-position":"center center","background-size":"auto","background-attachment":"scroll","background-type":"","background-media":"","overlay-type":"","overlay-color":"","overlay-opacity":"","overlay-gradient":""},"mobile":{"background-color":"var(--ast-global-color-5)","background-image":"","background-repeat":"repeat","background-position":"center center","background-size":"auto","background-attachment":"scroll","background-type":"","background-media":"","overlay-type":"","overlay-color":"","overlay-opacity":"","overlay-gradient":""}},"footnotes":""},"class_list":["post-991","page","type-page","status-publish","hentry"],"_links":{"self":[{"href":"https:\/\/www.gastrotex.com.ar\/web\/wp-json\/wp\/v2\/pages\/991","targetHints":{"allow":["GET"]}}],"collection":[{"href":"https:\/\/www.gastrotex.com.ar\/web\/wp-json\/wp\/v2\/pages"}],"about":[{"href":"https:\/\/www.gastrotex.com.ar\/web\/wp-json\/wp\/v2\/types\/page"}],"author":[{"embeddable":true,"href":"https:\/\/www.gastrotex.com.ar\/web\/wp-json\/wp\/v2\/users\/1"}],"replies":[{"embeddable":true,"href":"https:\/\/www.gastrotex.com.ar\/web\/wp-json\/wp\/v2\/comments?post=991"}],"version-history":[{"count":3,"href":"https:\/\/www.gastrotex.com.ar\/web\/wp-json\/wp\/v2\/pages\/991\/revisions"}],"predecessor-version":[{"id":2132,"href":"https:\/\/www.gastrotex.com.ar\/web\/wp-json\/wp\/v2\/pages\/991\/revisions\/2132"}],"wp:attachment":[{"href":"https:\/\/www.gastrotex.com.ar\/web\/wp-json\/wp\/v2\/media?parent=991"}],"curies":[{"name":"wp","href":"https:\/\/api.w.org\/{rel}","templated":true}]}}